{"id":417,"date":"2021-04-25T11:17:03","date_gmt":"2021-04-25T09:17:03","guid":{"rendered":"https:\/\/letsstem.it\/wemakelab\/?page_id=417"},"modified":"2021-04-25T19:49:00","modified_gmt":"2021-04-25T17:49:00","slug":"5x1000","status":"publish","type":"page","link":"https:\/\/letsstem.it\/wemakelab\/5x1000\/","title":{"rendered":"Dona il tuo 5&#215;1000"},"content":{"rendered":"\t\t<div data-elementor-type=\"wp-page\" data-elementor-id=\"417\" class=\"elementor elementor-417\">\n\t\t\t\t\t\t<section class=\"elementor-section elementor-top-section elementor-element elementor-element-a4186ed elementor-section-boxed elementor-section-height-default elementor-section-height-default\" data-id=\"a4186ed\" data-element_type=\"section\" data-e-type=\"section\">\n\t\t\t\t\t\t<div class=\"elementor-container elementor-column-gap-default\">\n\t\t\t\t\t<div class=\"elementor-column elementor-col-100 elementor-top-column elementor-element elementor-element-08aa7d5\" data-id=\"08aa7d5\" data-element_type=\"column\" data-e-type=\"column\">\n\t\t\t<div class=\"elementor-widget-wrap elementor-element-populated\">\n\t\t\t\t\t\t<div class=\"elementor-element elementor-element-079884c hfe-nav-menu__align-center hfe-submenu-icon-arrow hfe-submenu-animation-none hfe-link-redirect-child hfe-nav-menu__breakpoint-tablet elementor-widget elementor-widget-navigation-menu\" data-id=\"079884c\" data-element_type=\"widget\" data-e-type=\"widget\" data-settings=\"{&quot;padding_horizontal_menu_item&quot;:{&quot;unit&quot;:&quot;px&quot;,&quot;size&quot;:15,&quot;sizes&quot;:[]},&quot;padding_horizontal_menu_item_tablet&quot;:{&quot;unit&quot;:&quot;px&quot;,&quot;size&quot;:&quot;&quot;,&quot;sizes&quot;:[]},&quot;padding_horizontal_menu_item_mobile&quot;:{&quot;unit&quot;:&quot;px&quot;,&quot;size&quot;:&quot;&quot;,&quot;sizes&quot;:[]},&quot;padding_vertical_menu_item&quot;:{&quot;unit&quot;:&quot;px&quot;,&quot;size&quot;:15,&quot;sizes&quot;:[]},&quot;padding_vertical_menu_item_tablet&quot;:{&quot;unit&quot;:&quot;px&quot;,&quot;size&quot;:&quot;&quot;,&quot;sizes&quot;:[]},&quot;padding_vertical_menu_item_mobile&quot;:{&quot;unit&quot;:&quot;px&quot;,&quot;size&quot;:&quot;&quot;,&quot;sizes&quot;:[]},&quot;menu_space_between&quot;:{&quot;unit&quot;:&quot;px&quot;,&quot;size&quot;:&quot;&quot;,&quot;sizes&quot;:[]},&quot;menu_space_between_tablet&quot;:{&quot;unit&quot;:&quot;px&quot;,&quot;size&quot;:&quot;&quot;,&quot;sizes&quot;:[]},&quot;menu_space_between_mobile&quot;:{&quot;unit&quot;:&quot;px&quot;,&quot;size&quot;:&quot;&quot;,&quot;sizes&quot;:[]},&quot;menu_row_space&quot;:{&quot;unit&quot;:&quot;px&quot;,&quot;size&quot;:&quot;&quot;,&quot;sizes&quot;:[]},&quot;menu_row_space_tablet&quot;:{&quot;unit&quot;:&quot;px&quot;,&quot;size&quot;:&quot;&quot;,&quot;sizes&quot;:[]},&quot;menu_row_space_mobile&quot;:{&quot;unit&quot;:&quot;px&quot;,&quot;size&quot;:&quot;&quot;,&quot;sizes&quot;:[]},&quot;dropdown_border_radius&quot;:{&quot;unit&quot;:&quot;px&quot;,&quot;top&quot;:&quot;&quot;,&quot;right&quot;:&quot;&quot;,&quot;bottom&quot;:&quot;&quot;,&quot;left&quot;:&quot;&quot;,&quot;isLinked&quot;:true},&quot;dropdown_border_radius_tablet&quot;:{&quot;unit&quot;:&quot;px&quot;,&quot;top&quot;:&quot;&quot;,&quot;right&quot;:&quot;&quot;,&quot;bottom&quot;:&quot;&quot;,&quot;left&quot;:&quot;&quot;,&quot;isLinked&quot;:true},&quot;dropdown_border_radius_mobile&quot;:{&quot;unit&quot;:&quot;px&quot;,&quot;top&quot;:&quot;&quot;,&quot;right&quot;:&quot;&quot;,&quot;bottom&quot;:&quot;&quot;,&quot;left&quot;:&quot;&quot;,&quot;isLinked&quot;:true},&quot;width_dropdown_item&quot;:{&quot;unit&quot;:&quot;px&quot;,&quot;size&quot;:&quot;220&quot;,&quot;sizes&quot;:[]},&quot;width_dropdown_item_tablet&quot;:{&quot;unit&quot;:&quot;px&quot;,&quot;size&quot;:&quot;&quot;,&quot;sizes&quot;:[]},&quot;width_dropdown_item_mobile&quot;:{&quot;unit&quot;:&quot;px&quot;,&quot;size&quot;:&quot;&quot;,&quot;sizes&quot;:[]},&quot;padding_horizontal_dropdown_item&quot;:{&quot;unit&quot;:&quot;px&quot;,&quot;size&quot;:&quot;&quot;,&quot;sizes&quot;:[]},&quot;padding_horizontal_dropdown_item_tablet&quot;:{&quot;unit&quot;:&quot;px&quot;,&quot;size&quot;:&quot;&quot;,&quot;sizes&quot;:[]},&quot;padding_horizontal_dropdown_item_mobile&quot;:{&quot;unit&quot;:&quot;px&quot;,&quot;size&quot;:&quot;&quot;,&quot;sizes&quot;:[]},&quot;padding_vertical_dropdown_item&quot;:{&quot;unit&quot;:&quot;px&quot;,&quot;size&quot;:15,&quot;sizes&quot;:[]},&quot;padding_vertical_dropdown_item_tablet&quot;:{&quot;unit&quot;:&quot;px&quot;,&quot;size&quot;:&quot;&quot;,&quot;sizes&quot;:[]},&quot;padding_vertical_dropdown_item_mobile&quot;:{&quot;unit&quot;:&quot;px&quot;,&quot;size&quot;:&quot;&quot;,&quot;sizes&quot;:[]},&quot;distance_from_menu&quot;:{&quot;unit&quot;:&quot;px&quot;,&quot;size&quot;:&quot;&quot;,&quot;sizes&quot;:[]},&quot;distance_from_menu_tablet&quot;:{&quot;unit&quot;:&quot;px&quot;,&quot;size&quot;:&quot;&quot;,&quot;sizes&quot;:[]},&quot;distance_from_menu_mobile&quot;:{&quot;unit&quot;:&quot;px&quot;,&quot;size&quot;:&quot;&quot;,&quot;sizes&quot;:[]},&quot;toggle_size&quot;:{&quot;unit&quot;:&quot;px&quot;,&quot;size&quot;:&quot;&quot;,&quot;sizes&quot;:[]},&quot;toggle_size_tablet&quot;:{&quot;unit&quot;:&quot;px&quot;,&quot;size&quot;:&quot;&quot;,&quot;sizes&quot;:[]},&quot;toggle_size_mobile&quot;:{&quot;unit&quot;:&quot;px&quot;,&quot;size&quot;:&quot;&quot;,&quot;sizes&quot;:[]},&quot;toggle_border_width&quot;:{&quot;unit&quot;:&quot;px&quot;,&quot;size&quot;:&quot;&quot;,&quot;sizes&quot;:[]},&quot;toggle_border_width_tablet&quot;:{&quot;unit&quot;:&quot;px&quot;,&quot;size&quot;:&quot;&quot;,&quot;sizes&quot;:[]},&quot;toggle_border_width_mobile&quot;:{&quot;unit&quot;:&quot;px&quot;,&quot;size&quot;:&quot;&quot;,&quot;sizes&quot;:[]},&quot;toggle_border_radius&quot;:{&quot;unit&quot;:&quot;px&quot;,&quot;size&quot;:&quot;&quot;,&quot;sizes&quot;:[]},&quot;toggle_border_radius_tablet&quot;:{&quot;unit&quot;:&quot;px&quot;,&quot;size&quot;:&quot;&quot;,&quot;sizes&quot;:[]},&quot;toggle_border_radius_mobile&quot;:{&quot;unit&quot;:&quot;px&quot;,&quot;size&quot;:&quot;&quot;,&quot;sizes&quot;:[]}}\" data-widget_type=\"navigation-menu.default\">\n\t\t\t\t<div class=\"elementor-widget-container\">\n\t\t\t\t\t\t\t\t<div class=\"hfe-nav-menu hfe-layout-horizontal hfe-nav-menu-layout horizontal hfe-pointer__underline hfe-animation__fade\" data-layout=\"horizontal\">\n\t\t\t\t<div role=\"button\" class=\"hfe-nav-menu__toggle elementor-clickable\" tabindex=\"0\" aria-label=\"Menu Toggle\">\n\t\t\t\t\t<span class=\"screen-reader-text\">Menu<\/span>\n\t\t\t\t\t<div class=\"hfe-nav-menu-icon\">\n\t\t\t\t\t\t<i aria-hidden=\"true\"  class=\"fas fa-align-justify\"><\/i>\t\t\t\t\t<\/div>\n\t\t\t\t<\/div>\n\t\t\t\t<nav class=\"hfe-nav-menu__layout-horizontal hfe-nav-menu__submenu-arrow\" data-toggle-icon=\"&lt;i aria-hidden=&quot;true&quot; tabindex=&quot;0&quot; class=&quot;fas fa-align-justify&quot;&gt;&lt;\/i&gt;\" data-close-icon=\"&lt;i aria-hidden=&quot;true&quot; tabindex=&quot;0&quot; class=&quot;far fa-window-close&quot;&gt;&lt;\/i&gt;\" data-full-width=\"yes\">\n\t\t\t\t\t<ul id=\"menu-1-079884c\" class=\"hfe-nav-menu\"><li id=\"menu-item-428\" class=\"menu-item menu-item-type-post_type menu-item-object-page menu-item-home parent hfe-creative-menu\"><a href=\"https:\/\/letsstem.it\/wemakelab\/\" class = \"hfe-menu-item\">Home<\/a><\/li>\n<li id=\"menu-item-429\" class=\"menu-item menu-item-type-post_type menu-item-object-page parent hfe-creative-menu\"><a href=\"https:\/\/letsstem.it\/wemakelab\/5x1000\/\" class = \"hfe-menu-item\">Dona il tuo 5\u00d71000<\/a><\/li>\n<li id=\"menu-item-581\" class=\"menu-item menu-item-type-post_type menu-item-object-page parent hfe-creative-menu\"><a href=\"https:\/\/letsstem.it\/wemakelab\/laboratori\/\" class = \"hfe-menu-item\">Laboratori<\/a><\/li>\n<\/ul> \n\t\t\t\t<\/nav>\n\t\t\t<\/div>\n\t\t\t\t\t\t\t<\/div>\n\t\t\t\t<\/div>\n\t\t\t\t<div class=\"elementor-element elementor-element-a3704fa elementor-widget elementor-widget-image\" data-id=\"a3704fa\" data-element_type=\"widget\" data-e-type=\"widget\" data-widget_type=\"image.default\">\n\t\t\t\t<div class=\"elementor-widget-container\">\n\t\t\t\t\t\t\t\t\t\t\t\t\t\t\t<img fetchpriority=\"high\" decoding=\"async\" width=\"800\" height=\"385\" src=\"https:\/\/letsstem.it\/wemakelab\/wp-content\/uploads\/sites\/7\/2021\/04\/5x1000-1-1024x493.png\" class=\"attachment-large size-large wp-image-422\" alt=\"dona il 5x1000\" srcset=\"https:\/\/letsstem.it\/wemakelab\/wp-content\/uploads\/sites\/7\/2021\/04\/5x1000-1-1024x493.png 1024w, https:\/\/letsstem.it\/wemakelab\/wp-content\/uploads\/sites\/7\/2021\/04\/5x1000-1-300x144.png 300w, https:\/\/letsstem.it\/wemakelab\/wp-content\/uploads\/sites\/7\/2021\/04\/5x1000-1-768x370.png 768w, https:\/\/letsstem.it\/wemakelab\/wp-content\/uploads\/sites\/7\/2021\/04\/5x1000-1.png 1350w\" sizes=\"(max-width: 800px) 100vw, 800px\" \/>\t\t\t\t\t\t\t\t\t\t\t\t\t\t\t<\/div>\n\t\t\t\t<\/div>\n\t\t\t\t\t<\/div>\n\t\t<\/div>\n\t\t\t\t\t<\/div>\n\t\t<\/section>\n\t\t\t\t<section class=\"elementor-section elementor-top-section elementor-element elementor-element-782454e elementor-section-boxed elementor-section-height-default elementor-section-height-default\" data-id=\"782454e\" data-element_type=\"section\" data-e-type=\"section\">\n\t\t\t\t\t\t<div class=\"elementor-container elementor-column-gap-default\">\n\t\t\t\t\t<div class=\"elementor-column elementor-col-100 elementor-top-column elementor-element elementor-element-63366d5\" data-id=\"63366d5\" data-element_type=\"column\" data-e-type=\"column\">\n\t\t\t<div class=\"elementor-widget-wrap elementor-element-populated\">\n\t\t\t\t\t\t<div class=\"elementor-element elementor-element-5f87588 elementor-widget elementor-widget-heading\" data-id=\"5f87588\" data-element_type=\"widget\" data-e-type=\"widget\" data-widget_type=\"heading.default\">\n\t\t\t\t<div class=\"elementor-widget-container\">\n\t\t\t\t\t<h2 class=\"elementor-heading-title elementor-size-default\">Dona il tuo 5\u00d71000 a  We Make Lab APS \n<br>CF 96426980585<\/h2>\t\t\t\t<\/div>\n\t\t\t\t<\/div>\n\t\t\t\t\t<\/div>\n\t\t<\/div>\n\t\t\t\t\t<\/div>\n\t\t<\/section>\n\t\t\t\t<section class=\"elementor-section elementor-top-section elementor-element elementor-element-bef1a86 elementor-section-boxed elementor-section-height-default elementor-section-height-default\" data-id=\"bef1a86\" data-element_type=\"section\" data-e-type=\"section\">\n\t\t\t\t\t\t<div class=\"elementor-container elementor-column-gap-default\">\n\t\t\t\t\t<div class=\"elementor-column elementor-col-100 elementor-top-column elementor-element elementor-element-6d9424c\" data-id=\"6d9424c\" data-element_type=\"column\" data-e-type=\"column\">\n\t\t\t<div class=\"elementor-widget-wrap elementor-element-populated\">\n\t\t\t\t\t\t<div class=\"elementor-element elementor-element-985b01b elementor-widget elementor-widget-text-editor\" data-id=\"985b01b\" data-element_type=\"widget\" data-e-type=\"widget\" data-widget_type=\"text-editor.default\">\n\t\t\t\t<div class=\"elementor-widget-container\">\n\t\t\t\t\t\t\t\t\t<div style=\"margin: 0px; padding: 0px; border: 0px; outline: 0px; vertical-align: baseline;\">\n<div style=\"margin: 0px; padding: 0px; border: 0px; outline: 0px; vertical-align: baseline;\" data-automation=\"about-this-event-sc\">\n<div style=\"margin: 0px; padding: 0px; border: 0px; outline: 0px; vertical-align: baseline;\">\n<p style=\"color: #471e04; font-family: inherit; font-style: inherit; margin-right: 0px; margin-bottom: 24px; margin-left: 0px; padding: 0px; border: 0px; outline: 0px; vertical-align: baseline; text-align: justify;\">Il<b> TUO sostegno \u00e8 importante!<\/b><\/p>\n<p style=\"margin-right: 0px; margin-bottom: 24px; margin-left: 0px; padding: 0px; border: 0px; outline: 0px; vertical-align: baseline; text-align: justify;\"><span style=\"color: #471e04; font-family: Lato, Helvetica, sans-serif;\">Siamo una giovane associazione ma siamo presenti sul territorio gi\u00e0 da molti anni come progetti di Cittadinanza Attiva. Un piccolo gesto che non costa nulla pu\u00f2 essere a noi molto utile per realizzare spazi educativi innovativi per i bambini e ragazzi del territorio.<\/span><\/p>\n<p style=\"color: #471e04; font-family: inherit; font-style: inherit; font-weight: inherit; margin-right: 0px; margin-bottom: 24px; margin-left: 0px; padding: 0px; border: 0px; outline: 0px; vertical-align: baseline; text-align: justify;\">Crediamo nella collaborazione e nel sostegno della comunit\u00e0 per migliorare la nostra offerta sul territorio.<\/p>\n<p style=\"color: #471e04; font-family: inherit; font-style: inherit; font-weight: inherit; margin-right: 0px; margin-bottom: 24px; margin-left: 0px; padding: 0px; border: 0px; outline: 0px; vertical-align: baseline; text-align: justify;\">Cerchiamo di promuovere attivit\u00e0 innovative, coinvolgendo &nbsp;<strong style=\"font-weight: bold; margin: 0px; padding: 0px; border: 0px; outline: 0px; font-family: inherit; font-style: inherit; vertical-align: baseline;\">bambini\/e<\/strong>&nbsp;e&nbsp;<strong style=\"font-weight: bold; margin: 0px; padding: 0px; border: 0px; outline: 0px; font-family: inherit; font-style: inherit; vertical-align: baseline;\">ragazzi\/e<\/strong>&nbsp;in esperienze sull&#8217;utilizzo consapevole e creativo delle tecnologie.<\/p>\n<p style=\"color: #471e04; font-family: inherit; font-style: inherit; font-weight: inherit; margin-right: 0px; margin-bottom: 24px; margin-left: 0px; padding: 0px; border: 0px; outline: 0px; vertical-align: baseline; text-align: justify;\">Stiamo preparando nuovi progetti socio-educativi, in cui avremo il piacere di&nbsp;<strong style=\"font-weight: bold; margin: 0px; padding: 0px; border: 0px; outline: 0px; font-family: inherit; font-style: inherit; vertical-align: baseline;\">coinvolgere giovani e adulti <\/strong>per aiutarci a crescere e realizzare spazi educativi innovativi.<\/p>\n<p style=\"color: #471e04; font-family: inherit; font-style: inherit; font-weight: inherit; margin-right: 0px; margin-bottom: 24px; margin-left: 0px; padding: 0px; border: 0px; outline: 0px; vertical-align: baseline; text-align: justify;\"><strong style=\"font-weight: bold; margin: 0px; padding: 0px; border: 0px; outline: 0px; font-family: inherit; font-style: inherit; vertical-align: baseline;\">Il tuo sostegno \u00e8 importante per noi per poter continuare a realizzare progetti innovativi e che possano coinvolgere sempre pi\u00f9 persone.<\/strong><\/p>\n<div style=\"color: #471e04; font-family: inherit; font-style: inherit; font-weight: inherit;\"><strong style=\"font-weight: bold; margin: 0px; padding: 0px; border: 0px; outline: 0px; font-family: inherit; font-style: inherit; vertical-align: baseline;\">&nbsp;<\/strong><\/div>\n<\/div>\n<\/div>\n<\/div>\t\t\t\t\t\t\t\t<\/div>\n\t\t\t\t<\/div>\n\t\t\t\t\t<\/div>\n\t\t<\/div>\n\t\t\t\t\t<\/div>\n\t\t<\/section>\n\t\t\t\t<\/div>\n\t\t","protected":false},"excerpt":{"rendered":"<p>Home Dona il tuo 5\u00d71000 Dona il tuo 5\u00d71000 a We Make Lab APS CF 96426980585 Il TUO sostegno \u00e8 importante! Siamo una giovane associazione ma siamo presenti sul territorio gi\u00e0 da molti anni come progetti di Cittadinanza Attiva. Un piccolo gesto che non costa nulla pu\u00f2 essere a noi molto utile per realizzare spazi [&hellip;]<\/p>\n","protected":false},"author":2,"featured_media":0,"parent":0,"menu_order":0,"comment_status":"closed","ping_status":"closed","template":"elementor_canvas","meta":{"footnotes":""},"class_list":["post-417","page","type-page","status-publish","hentry"],"_links":{"self":[{"href":"https:\/\/letsstem.it\/wemakelab\/wp-json\/wp\/v2\/pages\/417","targetHints":{"allow":["GET"]}}],"collection":[{"href":"https:\/\/letsstem.it\/wemakelab\/wp-json\/wp\/v2\/pages"}],"about":[{"href":"https:\/\/letsstem.it\/wemakelab\/wp-json\/wp\/v2\/types\/page"}],"author":[{"embeddable":true,"href":"https:\/\/letsstem.it\/wemakelab\/wp-json\/wp\/v2\/users\/2"}],"replies":[{"embeddable":true,"href":"https:\/\/letsstem.it\/wemakelab\/wp-json\/wp\/v2\/comments?post=417"}],"version-history":[{"count":12,"href":"https:\/\/letsstem.it\/wemakelab\/wp-json\/wp\/v2\/pages\/417\/revisions"}],"predecessor-version":[{"id":435,"href":"https:\/\/letsstem.it\/wemakelab\/wp-json\/wp\/v2\/pages\/417\/revisions\/435"}],"wp:attachment":[{"href":"https:\/\/letsstem.it\/wemakelab\/wp-json\/wp\/v2\/media?parent=417"}],"curies":[{"name":"wp","href":"https:\/\/api.w.org\/{rel}","templated":true}]}}