




{"id":253,"date":"2013-01-06T17:07:19","date_gmt":"2013-01-06T17:07:19","guid":{"rendered":"http:\/\/pixel-industry.com\/dummy_wp\/alexx\/?page_id=6"},"modified":"2013-01-06T17:07:19","modified_gmt":"2013-01-06T17:07:19","slug":"about-me","status":"publish","type":"page","link":"https:\/\/letsstem.it\/blushandcodemakeup\/about-me\/","title":{"rendered":"About me"},"content":{"rendered":"<div class=\"grid_9 alpha \">\n<h3>BLUSH AND CODE LE DUE FACCE DI UNA VITA<\/h3>\n<p>Ciao, siamo un team di MUA e nel presentarci volevamo prima di tutto spiegarvi il perch\u00e9 della scelta del nome &#8220;Blush and Code&#8221;.<\/p>\n<p>BLUSH: \u00e8 sinonimo del pi\u00f9 noto termine &#8220;fard&#8221; e fa riferimento alla mia passione e lavoro come Make Up Artist. Abbiamo frequentato diverse accademie tra cui la Vivi MakeUp per Look Maker di Roma e da allora ci occupiamo di trucco e acconciatura Sposa, Cerimonia, Fotografico e Cinematografico.Abbiamo collaborato con diversi fotografi e lavorato come MUA per diversi cortometraggi.<\/p>\n<p>CODE: \u00e8 l&#8217;altra faccia della medaglia, nel 2008 una di noi si \u00e8 laureata in Ingegneria Gestionale con specializzazione in Sistemi informativi e da qui la voglia di far riferimento al codice informatico.<\/p>\n<p>Svolgiamo la nostra attivit\u00e0 prevalentemente tra Roma e Pomezia ma facciamo spesso trasferte in tutto il Lazio e l&#8217;Abruzzo.<\/p>\n<p>&nbsp;<\/p>\n<\/div>\n<article class='grid_3 testimonial omega'>\r\r\n                    <section class='testimonial-img-container'>\r\r\n                        <div class='testimonial-mask'>\r\r\n                            <img src='https:\/\/letsstem.it\/blushandcodemakeup\/wp-content\/themes\/alexx\/img\/about\/mask.png' alt='mask' \/>\r\r\n                        <\/div>\r\r\n                        <div class='testimonial-img'>\r\r\n                            <img src='http:\/\/letstem.it\/blushandcodemakeup\/wp-content\/uploads\/sites\/2\/2013\/01\/testimonial.jpg' alt='author' \/>\r\r\n                        <\/div>\r\r\n                    <\/section>\r\r\n                    <section class='testimonial-text'>\r\r\n                        <p>Ogni donna pu\u00f2 nascere mediocre, ma pu\u00f2 trovare il suo tipo di bellezza, se \u00e8 disposta a cercarla, attraverso appropriate cure di bellezza, curando il suo trucco e l&#8217;abbigliamento, ma soprattutto creando uno charme personale!<\/p>\r\r\n                        <p class='testimonial-author'>Coco Chanel<\/p>\r\r\n                    <\/section>\r\r\n                <\/article>\n","protected":false},"excerpt":{"rendered":"","protected":false},"author":1,"featured_media":0,"parent":0,"menu_order":0,"comment_status":"open","ping_status":"open","template":"","meta":{"footnotes":""},"class_list":["post-253","page","type-page","status-publish","hentry"],"_links":{"self":[{"href":"https:\/\/letsstem.it\/blushandcodemakeup\/wp-json\/wp\/v2\/pages\/253","targetHints":{"allow":["GET"]}}],"collection":[{"href":"https:\/\/letsstem.it\/blushandcodemakeup\/wp-json\/wp\/v2\/pages"}],"about":[{"href":"https:\/\/letsstem.it\/blushandcodemakeup\/wp-json\/wp\/v2\/types\/page"}],"author":[{"embeddable":true,"href":"https:\/\/letsstem.it\/blushandcodemakeup\/wp-json\/wp\/v2\/users\/1"}],"replies":[{"embeddable":true,"href":"https:\/\/letsstem.it\/blushandcodemakeup\/wp-json\/wp\/v2\/comments?post=253"}],"version-history":[{"count":0,"href":"https:\/\/letsstem.it\/blushandcodemakeup\/wp-json\/wp\/v2\/pages\/253\/revisions"}],"wp:attachment":[{"href":"https:\/\/letsstem.it\/blushandcodemakeup\/wp-json\/wp\/v2\/media?parent=253"}],"curies":[{"name":"wp","href":"https:\/\/api.w.org\/{rel}","templated":true}]}}